{"id":1590,"date":"2026-02-24T09:57:15","date_gmt":"2026-02-24T09:57:15","guid":{"rendered":"https:\/\/mf-glasmaschinentechnik.de\/formulaire-de-contact\/"},"modified":"2026-03-10T10:27:31","modified_gmt":"2026-03-10T10:27:31","slug":"formulaire-de-contact","status":"publish","type":"page","link":"https:\/\/mf-glasmaschinentechnik.de\/fr\/formulaire-de-contact\/","title":{"rendered":"Formulaire de contact"},"content":{"rendered":"<div class=\"wpforms-container wpforms-container-full wpforms-block wpforms-block-a849ded0-5e5f-477f-ba44-4790c1ba18dc\" id=\"wpforms-836\"><form id=\"wpforms-form-836\" class=\"wpforms-validate wpforms-form wpforms-ajax-form\" data-formid=\"836\" method=\"post\" enctype=\"multipart\/form-data\" action=\"\/fr\/wp-json\/wp\/v2\/pages\/1590?wpforms_form_id=836\" data-token=\"bcca9d5e1cbc3eaa4ab7c29293a8270d\" data-token-time=\"1777821582\"><noscript class=\"wpforms-error-noscript\">Veuillez activer JavaScript dans votre navigateur pour remplir ce formulaire.<\/noscript><div class=\"wpforms-field-container\"><div id=\"wpforms-836-field_8-container\" class=\"wpforms-field wpforms-field-text\" data-field-id=\"8\"><label class=\"wpforms-field-label\" for=\"wpforms-836-field_8\">Nom de l&#039;entreprise + Poste <span class=\"wpforms-required-label\">*<\/span><\/label><input type=\"text\" id=\"wpforms-836-field_8\" class=\"wpforms-field-medium wpforms-field-required\" name=\"wpforms[fields][8]\" required><\/div>\t\t<div id=\"wpforms-836-field_5-container\"\n\t\t\tclass=\"wpforms-field wpforms-field-text\"\n\t\t\tdata-field-type=\"text\"\n\t\t\tdata-field-id=\"5\"\n\t\t\t>\n\t\t\t<label class=\"wpforms-field-label\" for=\"wpforms-836-field_5\" >Adresse Nom l&#039;entreprise<\/label>\n\t\t\t<input type=\"text\" id=\"wpforms-836-field_5\" class=\"wpforms-field-medium\" name=\"wpforms[fields][5]\" >\n\t\t<\/div>\n\t\t<div id=\"wpforms-836-field_1-container\" class=\"wpforms-field wpforms-field-name\" data-field-id=\"1\"><label class=\"wpforms-field-label\">Nom <span class=\"wpforms-required-label\">*<\/span><\/label><div class=\"wpforms-field-row wpforms-field-medium\"><div class=\"wpforms-field-row-block wpforms-first wpforms-one-half\"><input type=\"text\" id=\"wpforms-836-field_1\" class=\"wpforms-field-name-first wpforms-field-required\" name=\"wpforms[fields][1][first]\" required><label for=\"wpforms-836-field_1\" class=\"wpforms-field-sublabel after\">Pr\u00e9nom<\/label><\/div><div class=\"wpforms-field-row-block wpforms-one-half\"><input type=\"text\" id=\"wpforms-836-field_1-last\" class=\"wpforms-field-name-last wpforms-field-required\" name=\"wpforms[fields][1][last]\" required><label for=\"wpforms-836-field_1-last\" class=\"wpforms-field-sublabel after\">Nom<\/label><\/div><\/div><\/div><div id=\"wpforms-836-field_2-container\" class=\"wpforms-field wpforms-field-address\" data-field-id=\"2\"><label class=\"wpforms-field-label\">Adresse <span class=\"wpforms-required-label\">*<\/span><\/label><div class=\"wpforms-field-row wpforms-field-medium\"><div ><input type=\"text\" id=\"wpforms-836-field_2\" class=\"wpforms-field-address-address1 wpforms-field-required\" name=\"wpforms[fields][2][address1]\" required><label for=\"wpforms-836-field_2\" class=\"wpforms-field-sublabel after\">Adresse (ligne 1)<\/label><\/div><\/div><div class=\"wpforms-field-row wpforms-field-medium\"><div class=\"wpforms-field-row-block wpforms-one-half wpforms-first\"><input type=\"text\" id=\"wpforms-836-field_2-city\" class=\"wpforms-field-address-city wpforms-field-required\" name=\"wpforms[fields][2][city]\" required><label for=\"wpforms-836-field_2-city\" class=\"wpforms-field-sublabel after\">Ville<\/label><\/div><div class=\"wpforms-field-row-block wpforms-one-half\"><input type=\"text\" id=\"wpforms-836-field_2-state\" class=\"wpforms-field-address-state wpforms-field-required\" name=\"wpforms[fields][2][state]\" required><label for=\"wpforms-836-field_2-state\" class=\"wpforms-field-sublabel after\">\u00c9tat \/ Province \/ R\u00e9gion<\/label><\/div><\/div><div class=\"wpforms-field-row wpforms-field-medium\"><div class=\"wpforms-field-row-block wpforms-one-half wpforms-first\"><input type=\"text\" id=\"wpforms-836-field_2-postal\" class=\"wpforms-field-address-postal wpforms-field-required\" name=\"wpforms[fields][2][postal]\" required><label for=\"wpforms-836-field_2-postal\" class=\"wpforms-field-sublabel after\">Code postal<\/label><\/div><div class=\"wpforms-field-row-block wpforms-one-half\"><select id=\"wpforms-836-field_2-country\" class=\"wpforms-field-address-country wpforms-field-required\" name=\"wpforms[fields][2][country]\" required><option class=\"placeholder\" value=\"\" selected disabled>&#8212; Select country &#8212;<\/option><option value=\"AF\" >Afghanistan<\/option><option value=\"ZA\" >Afrique du Sud<\/option><option value=\"AL\" >Albanie<\/option><option value=\"DZ\" >Alg\u00e9rie<\/option><option value=\"DE\" >Allemagne<\/option><option value=\"AD\" >Andorre<\/option><option value=\"AO\" >Angola<\/option><option value=\"AI\" >Anguilla<\/option><option value=\"AQ\" >Antarctique<\/option><option value=\"AG\" >Antigua-et-Barbuda<\/option><option value=\"SA\" >Arabie saoudite<\/option><option value=\"AR\" >Argentine<\/option><option value=\"AM\" >Arm\u00e9nie<\/option><option value=\"AW\" >Aruba<\/option><option value=\"AU\" >Australie<\/option><option value=\"AT\" >Autriche<\/option><option value=\"AZ\" >Azerba\u00efdjan<\/option><option value=\"BS\" >Bahamas<\/option><option value=\"BH\" >Bahre\u00efn<\/option><option value=\"BD\" >Bangladesh<\/option><option value=\"BB\" >Barbade<\/option><option value=\"BE\" >Belgique<\/option><option value=\"BZ\" >Belize<\/option><option value=\"BM\" >Bermudes<\/option><option value=\"BT\" >Bhoutan<\/option><option value=\"BY\" >Bi\u00e9lorussie<\/option><option value=\"BO\" >Bolivie (\u00c9tat plurinational de)<\/option><option value=\"BQ\" >Bonaire, Saint-Eustache et Saba<\/option><option value=\"BA\" >Bosnie-Herz\u00e9govine<\/option><option value=\"BW\" >Botswana<\/option><option value=\"BN\" >Brun\u00e9i Darussalam<\/option><option value=\"BR\" >Br\u00e9sil<\/option><option value=\"BG\" >Bulgarie<\/option><option value=\"BF\" >Burkina Faso<\/option><option value=\"BI\" >Burundi<\/option><option value=\"BJ\" >B\u00e9nin<\/option><option value=\"KH\" >Cambodge<\/option><option value=\"CM\" >Cameroun<\/option><option value=\"CA\" >Canada<\/option><option value=\"CV\" >Cap-Vert<\/option><option value=\"CL\" >Chili<\/option><option value=\"CN\" >Chine<\/option><option value=\"CY\" >Chypre<\/option><option value=\"CO\" >Colombie<\/option><option value=\"KM\" >Comores<\/option><option value=\"CG\" >Congo<\/option><option value=\"CD\" >Congo (R\u00e9publique d\u00e9mocratique du)<\/option><option value=\"KR\" >Cor\u00e9e (R\u00e9publique de)<\/option><option value=\"KP\" >Cor\u00e9e (R\u00e9publique populaire d\u00e9mocratique de)<\/option><option value=\"CR\" >Costa Rica<\/option><option value=\"HR\" >Croatie<\/option><option value=\"CU\" >Cuba<\/option><option value=\"CW\" >Cura\u00e7ao<\/option><option value=\"CI\" >C\u00f4te d\u2019Ivoire<\/option><option value=\"DK\" >Danemark<\/option><option value=\"DJ\" >Djibouti<\/option><option value=\"DM\" >Dominique<\/option><option value=\"ES\" >Espagne<\/option><option value=\"EE\" >Estonie<\/option><option value=\"SZ\" >Eswatini (Royaume d\u2019)<\/option><option value=\"FJ\" >Fidji<\/option><option value=\"FI\" >Finlande<\/option><option value=\"FR\" >France<\/option><option value=\"RU\" >F\u00e9d\u00e9ration de Russie<\/option><option value=\"GA\" >Gabon<\/option><option value=\"GM\" >Gambie<\/option><option value=\"GH\" >Ghana<\/option><option value=\"GI\" >Gibraltar<\/option><option value=\"GD\" >Grenade<\/option><option value=\"GL\" >Groenland<\/option><option value=\"GR\" >Gr\u00e8ce<\/option><option value=\"GP\" >Guadeloupe<\/option><option value=\"GU\" >Guam<\/option><option value=\"GT\" >Guatemala<\/option><option value=\"GG\" >Guernesey<\/option><option value=\"GN\" >Guin\u00e9e<\/option><option value=\"GQ\" >Guin\u00e9e \u00e9quatoriale<\/option><option value=\"GW\" >Guin\u00e9e-Bissau<\/option><option value=\"GY\" >Guyana<\/option><option value=\"GF\" >Guyane fran\u00e7aise<\/option><option value=\"GE\" >G\u00e9orgie<\/option><option value=\"GS\" >G\u00e9orgie du Sud-et-les \u00celes Sandwich du Sud<\/option><option value=\"HT\" >Ha\u00efti<\/option><option value=\"HN\" >Honduras<\/option><option value=\"HK\" >Hong Kong<\/option><option value=\"HU\" >Hongrie<\/option><option value=\"IN\" >Inde<\/option><option value=\"ID\" >Indon\u00e9sie<\/option><option value=\"IQ\" >Irak<\/option><option value=\"IR\" >Iran (R\u00e9publique islamique d\u2019)<\/option><option value=\"IE\" >Irlande (R\u00e9publique d\u2019)<\/option><option value=\"IS\" >Islande<\/option><option value=\"IL\" >Isra\u00ebl<\/option><option value=\"IT\" >Italie<\/option><option value=\"JM\" >Jama\u00efque<\/option><option value=\"JP\" >Japon<\/option><option value=\"JE\" >Jersey<\/option><option value=\"JO\" >Jordanie<\/option><option value=\"KZ\" >Kazakhstan<\/option><option value=\"KE\" >Kenya<\/option><option value=\"KG\" >Kirghizistan<\/option><option value=\"KI\" >Kiribati<\/option><option value=\"XK\" >Kosovo<\/option><option value=\"KW\" >Kowe\u00eft<\/option><option value=\"RE\" >La R\u00e9union<\/option><option value=\"LS\" >Lesotho<\/option><option value=\"LV\" >Lettonie<\/option><option value=\"LB\" >Liban<\/option><option value=\"LY\" >Libye<\/option><option value=\"LR\" >Lib\u00e9ria<\/option><option value=\"LI\" >Liechtenstein<\/option><option value=\"LT\" >Lituanie<\/option><option value=\"LU\" >Luxembourg<\/option><option value=\"MO\" >Macao<\/option><option value=\"MK\" >Mac\u00e9doine du Nord (R\u00e9publique de)<\/option><option value=\"MG\" >Madagascar<\/option><option value=\"MY\" >Malaisie<\/option><option value=\"MW\" >Malawi<\/option><option value=\"MV\" >Maldives<\/option><option value=\"ML\" >Mali<\/option><option value=\"MT\" >Malte<\/option><option value=\"MA\" >Maroc<\/option><option value=\"MQ\" >Martinique<\/option><option value=\"MU\" >Maurice<\/option><option value=\"MR\" >Mauritanie<\/option><option value=\"YT\" >Mayotte<\/option><option value=\"MX\" >Mexique<\/option><option value=\"FM\" >Micron\u00e9sie (\u00c9tats f\u00e9d\u00e9r\u00e9s de)<\/option><option value=\"MD\" >Moldavie (R\u00e9publique de)<\/option><option value=\"MC\" >Monaco<\/option><option value=\"MN\" >Mongolie<\/option><option value=\"MS\" >Montserrat<\/option><option value=\"ME\" >Mont\u00e9n\u00e9gro<\/option><option value=\"MZ\" >Mozambique<\/option><option value=\"MM\" >Myanmar<\/option><option value=\"NA\" >Namibie<\/option><option value=\"NR\" >Nauru<\/option><option value=\"NI\" >Nicaragua<\/option><option value=\"NE\" >Niger<\/option><option value=\"NG\" >Nigeria<\/option><option value=\"NU\" >Niue<\/option><option value=\"NO\" >Norv\u00e8ge<\/option><option value=\"NC\" >Nouvelle-Cal\u00e9donie<\/option><option value=\"NZ\" >Nouvelle-Z\u00e9lande<\/option><option value=\"NP\" >N\u00e9pal<\/option><option value=\"OM\" >Oman<\/option><option value=\"UG\" >Ouganda<\/option><option value=\"UZ\" >Ouzb\u00e9kistan<\/option><option value=\"PK\" >Pakistan<\/option><option value=\"PW\" >Palaos<\/option><option value=\"PS\" >Palestine (\u00c9tat de)<\/option><option value=\"PA\" >Panama<\/option><option value=\"PG\" >Papouasie-Nouvelle-Guin\u00e9e<\/option><option value=\"PY\" >Paraguay<\/option><option value=\"NL\" >Pays-Bas<\/option><option value=\"PH\" >Philippines<\/option><option value=\"PN\" >Pitcairn<\/option><option value=\"PL\" >Pologne<\/option><option value=\"PF\" >Polyn\u00e9sie fran\u00e7aise<\/option><option value=\"PR\" >Porto Rico<\/option><option value=\"PT\" >Portugal<\/option><option value=\"PE\" >P\u00e9rou<\/option><option value=\"QA\" >Qatar<\/option><option value=\"RO\" >Roumanie<\/option><option value=\"GB\" >Royaume-Uni de Grande-Bretagne et d\u2019Irlande du Nord<\/option><option value=\"RW\" >Rwanda<\/option><option value=\"SY\" >R\u00e9publique arabe syrienne<\/option><option value=\"CF\" >R\u00e9publique centrafricaine<\/option><option value=\"DO\" >R\u00e9publique dominicaine<\/option><option value=\"LA\" >R\u00e9publique d\u00e9mocratique populaire lao<\/option><option value=\"CZ\" >R\u00e9publique tch\u00e8que<\/option><option value=\"EH\" >Sahara occidental<\/option><option value=\"BL\" >Saint-Barth\u00e9lemy<\/option><option value=\"KN\" >Saint-Kitts-et-Nevis<\/option><option value=\"SM\" >Saint-Marin<\/option><option value=\"MF\" >Saint-Martin (partie fran\u00e7aise)<\/option><option value=\"SX\" >Saint-Martin (partie n\u00e9erlandaise)<\/option><option value=\"PM\" >Saint-Pierre-et-Miquelon<\/option><option value=\"VC\" >Saint-Vincent-et-les-Grenadines<\/option><option value=\"SH\" >Sainte-H\u00e9l\u00e8ne, Ascension et Tristan da Cunha<\/option><option value=\"LC\" >Sainte-Lucie<\/option><option value=\"SV\" >Salvador<\/option><option value=\"WS\" >Samoa<\/option><option value=\"AS\" >Samoa am\u00e9ricaines<\/option><option value=\"ST\" >Sao Tom\u00e9-et-Principe<\/option><option value=\"RS\" >Serbie<\/option><option value=\"SC\" >Seychelles<\/option><option value=\"SL\" >Sierra Leone<\/option><option value=\"SG\" >Singapour<\/option><option value=\"SK\" >Slovaquie<\/option><option value=\"SI\" >Slov\u00e9nie<\/option><option value=\"SO\" >Somalie<\/option><option value=\"SD\" >Soudan<\/option><option value=\"SS\" >Soudan du Sud<\/option><option value=\"LK\" >Sri Lanka<\/option><option value=\"CH\" >Suisse<\/option><option value=\"SR\" >Suriname<\/option><option value=\"SE\" >Su\u00e8de<\/option><option value=\"SJ\" >Svalbard et Jan Mayen<\/option><option value=\"SN\" >S\u00e9n\u00e9gal<\/option><option value=\"TJ\" >Tadjikistan<\/option><option value=\"TZ\" >Tanzanie (R\u00e9publique-Unie de)<\/option><option value=\"TW\" >Ta\u00efwan, R\u00e9publique de Chine<\/option><option value=\"TD\" >Tchad<\/option><option value=\"TF\" >Terres australes fran\u00e7aises<\/option><option value=\"IO\" >Territoire britannique de l\u2019oc\u00e9an Indien<\/option><option value=\"TH\" >Tha\u00eflande<\/option><option value=\"TL\" >Timor-Leste<\/option><option value=\"TG\" >Togo<\/option><option value=\"TK\" >Tokelau<\/option><option value=\"TO\" >Tonga<\/option><option value=\"TT\" >Trinit\u00e9-et-Tobago<\/option><option value=\"TN\" >Tunisie<\/option><option value=\"TM\" >Turkm\u00e9nistan<\/option><option value=\"TV\" >Tuvalu<\/option><option value=\"TR\" >T\u00fcrkiye<\/option><option value=\"UA\" >Ukraine<\/option><option value=\"UY\" >Uruguay<\/option><option value=\"VU\" >Vanuatu<\/option><option value=\"VE\" >Venezuela (R\u00e9publique bolivarienne du)<\/option><option value=\"VN\" >Vietnam<\/option><option value=\"WF\" >Wallis-et-Futuna<\/option><option value=\"YE\" >Y\u00e9men<\/option><option value=\"ZM\" >Zambie<\/option><option value=\"ZW\" >Zimbabwe<\/option><option value=\"EG\" >\u00c9gypte<\/option><option value=\"AE\" >\u00c9mirats arabes unis<\/option><option value=\"EC\" >\u00c9quateur<\/option><option value=\"ER\" >\u00c9rythr\u00e9e<\/option><option value=\"VA\" >\u00c9tat de la Cit\u00e9 du Vatican<\/option><option value=\"US\" >\u00c9tats-Unis d\u2019Am\u00e9rique<\/option><option value=\"ET\" >\u00c9thiopie<\/option><option value=\"BV\" >\u00cele Bouvet<\/option><option value=\"CX\" >\u00cele Christmas<\/option><option value=\"HM\" >\u00cele Heard et \u00eeles McDonald<\/option><option value=\"NF\" >\u00cele Norfolk<\/option><option value=\"IM\" >\u00cele de Man<\/option><option value=\"KY\" >\u00celes Ca\u00efmans<\/option><option value=\"CC\" >\u00celes Cocos (Keeling)<\/option><option value=\"CK\" >\u00celes Cook<\/option><option value=\"FK\" >\u00celes Falkland (Malouines)<\/option><option value=\"FO\" >\u00celes F\u00e9ro\u00e9<\/option><option value=\"MP\" >\u00celes Mariannes du Nord<\/option><option value=\"MH\" >\u00celes Marshall<\/option><option value=\"SB\" >\u00celes Salomon<\/option><option value=\"TC\" >\u00celes Turques-et-Ca\u00efques<\/option><option value=\"VG\" >\u00celes Vierges (britanniques)<\/option><option value=\"VI\" >\u00celes Vierges (\u00c9tats-Unis)<\/option><option value=\"UM\" >\u00celes mineures \u00e9loign\u00e9es des \u00c9tats-Unis<\/option><option value=\"AX\" >\u00celes \u00c5land<\/option><\/select><label for=\"wpforms-836-field_2-country\" class=\"wpforms-field-sublabel after\">Pays<\/label><\/div><\/div><\/div><div id=\"wpforms-836-field_3-container\" class=\"wpforms-field wpforms-field-phone\" data-field-id=\"3\"><label class=\"wpforms-field-label\" for=\"wpforms-836-field_3\">Num\u00e9ro de t\u00e9l\u00e9phone <span class=\"wpforms-required-label\">*<\/span><\/label><input type=\"tel\" id=\"wpforms-836-field_3\" class=\"wpforms-field-small wpforms-field-required\" data-rule-int-phone-field=\"true\" name=\"wpforms[fields][3]\" aria-label=\"Num\u00e9ro de t\u00e9l\u00e9phone\" required><\/div><div id=\"wpforms-836-field_4-container\" class=\"wpforms-field wpforms-field-email\" data-field-id=\"4\"><label class=\"wpforms-field-label\" for=\"wpforms-836-field_4\">Adresse e-mail <span class=\"wpforms-required-label\">*<\/span><\/label><input type=\"email\" id=\"wpforms-836-field_4\" class=\"wpforms-field-medium wpforms-field-required\" name=\"wpforms[fields][4]\" spellcheck=\"false\" required><\/div><div id=\"wpforms-836-field_17-container\" class=\"wpforms-field wpforms-field-checkbox wpforms-list-3-columns\" data-field-id=\"17\"><label class=\"wpforms-field-label\">Domaines d&#039;expertise<\/label><ul id=\"wpforms-836-field_17\"><li class=\"choice-1 depth-1\"><input type=\"checkbox\" id=\"wpforms-836-field_17_1\" name=\"wpforms[fields][17][]\" value=\"Service + R\u00e9paration + Maintenance\"  ><label class=\"wpforms-field-label-inline\" for=\"wpforms-836-field_17_1\">Service + R\u00e9paration + Maintenance<\/label><\/li><li class=\"choice-2 depth-1\"><input type=\"checkbox\" id=\"wpforms-836-field_17_2\" name=\"wpforms[fields][17][]\" value=\"Installation + Mise en service\"  ><label class=\"wpforms-field-label-inline\" for=\"wpforms-836-field_17_2\">Installation + Mise en service<\/label><\/li><li class=\"choice-3 depth-1\"><input type=\"checkbox\" id=\"wpforms-836-field_17_3\" name=\"wpforms[fields][17][]\" value=\"Pi\u00e8ces de rechange + Pi\u00e8ces d&#039;usure\"  ><label class=\"wpforms-field-label-inline\" for=\"wpforms-836-field_17_3\">Pi\u00e8ces de rechange + Pi\u00e8ces d&#8217;usure<\/label><\/li><li class=\"choice-4 depth-1\"><input type=\"checkbox\" id=\"wpforms-836-field_17_4\" name=\"wpforms[fields][17][]\" value=\"Machines neuves + d&#039;occasion\"  ><label class=\"wpforms-field-label-inline\" for=\"wpforms-836-field_17_4\">Machines neuves + d&#8217;occasion<\/label><\/li><li class=\"choice-5 depth-1\"><input type=\"checkbox\" id=\"wpforms-836-field_17_5\" name=\"wpforms[fields][17][]\" value=\"Contr\u00f4les UVV et appareils de levage \u00e0 vide\"  ><label class=\"wpforms-field-label-inline\" for=\"wpforms-836-field_17_5\">Contr\u00f4les UVV et appareils de levage \u00e0 vide<\/label><\/li><li class=\"choice-6 depth-1\"><input type=\"checkbox\" id=\"wpforms-836-field_17_6\" name=\"wpforms[fields][17][]\" value=\"Instructions techniques\"  ><label class=\"wpforms-field-label-inline\" for=\"wpforms-836-field_17_6\">Instructions techniques<\/label><\/li><li class=\"choice-7 depth-1\"><input type=\"checkbox\" id=\"wpforms-836-field_17_7\" name=\"wpforms[fields][17][]\" value=\"Autre\"  ><label class=\"wpforms-field-label-inline\" for=\"wpforms-836-field_17_7\">Autre<\/label><\/li><\/ul><div class=\"wpforms-field-description\">Veuillez s\u00e9lectionner un ou plusieurs domaines d&#8217;int\u00e9r\u00eat afin que nous puissions traiter votre demande de mani\u00e8re plus cibl\u00e9e. <\/div><\/div><div id=\"wpforms-836-field_12-container\" class=\"wpforms-field wpforms-field-textarea\" data-field-id=\"12\"><label class=\"wpforms-field-label\" for=\"wpforms-836-field_12\">Message<\/label><textarea id=\"wpforms-836-field_12\" class=\"wpforms-field-medium wpforms-limit-words-enabled\" data-form-id=\"836\" data-field-id=\"12\" data-text-limit=\"200\" name=\"wpforms[fields][12]\" ><\/textarea><div class=\"wpforms-field-description\">Merci pour votre message. Nous traitons votre demande et vous r\u00e9pondrons dans les plus brefs d\u00e9lais. <\/div><\/div><div id=\"wpforms-836-field_9-container\" class=\"wpforms-field wpforms-field-file-upload\" data-field-id=\"9\"><label class=\"wpforms-field-label\" for=\"wpforms-836-field_9\">T\u00e9l\u00e9charger un fichier<\/label><div\n\t\tclass=\"wpforms-uploader \"\n\t\tdata-field-id=\"9\"\n\t\tdata-form-id=\"836\"\n\t\tdata-input-name=\"wpforms_836_9\"\n\t\tdata-extensions=\"pdf,jpg,png\"\n\t\tdata-max-size=\"10485760\"\n\t\tdata-max-file-number=\"1\"\n\t\tdata-post-max-size=\"134217728\"\n\t\tdata-max-parallel-uploads=\"4\"\n\t\tdata-parallel-uploads=\"true\"\n\t\tdata-file-chunk-size=\"2097152\">\n\t<div class=\"dz-message\">\n\t\t<svg  viewBox=\"0 0 640 640\" focusable=\"false\" data-icon=\"inbox\" width=\"50px\" height=\"50px\" fill=\"currentColor\" aria-hidden=\"true\">\n\t\t\t<path d=\"M352 173.3L352 384C352 401.7 337.7 416 320 416C302.3 416 288 401.7 288 384L288 173.3L246.6 214.7C234.1 227.2 213.8 227.2 201.3 214.7C188.8 202.2 188.8 181.9 201.3 169.4L297.3 73.4C309.8 60.9 330.1 60.9 342.6 73.4L438.6 169.4C451.1 181.9 451.1 202.2 438.6 214.7C426.1 227.2 405.8 227.2 393.3 214.7L352 173.3zM320 464C364.2 464 400 428.2 400 384L480 384C515.3 384 544 412.7 544 448L544 480C544 515.3 515.3 544 480 544L160 544C124.7 544 96 515.3 96 480L96 448C96 412.7 124.7 384 160 384L240 384C240 428.2 275.8 464 320 464zM464 488C477.3 488 488 477.3 488 464C488 450.7 477.3 440 464 440C450.7 440 440 450.7 440 464C440 477.3 450.7 488 464 488z\"\/>\n\t\t<\/svg>\n\n\t\t<span class=\"modern-title\">\n\t\t\t\t\t\t\tGlisser-d\u00e9poser des fichiers,  \t\t\t\t<span>Choisir les fichiers \u00e0 t\u00e9l\u00e9charger<\/span>\n\t\t\t\t\t<\/span>\n\n\t\t\t<\/div>\n<\/div>\n\n<input\n\t\ttype=\"text\"\n\t\tautocomplete=\"off\"\n\t\treadonly\n\t\tclass=\"dropzone-input\"\n\t\tstyle=\"position:absolute!important;clip:rect(0,0,0,0)!important;height:1px!important;width:1px!important;border:0!important;overflow:hidden!important;padding:0!important;margin:0!important;\"\n\t\tid=\"wpforms-836-field_9\"\n\t\tname=\"wpforms_836_9\" \t\tvalue=\"\">\n<div class=\"wpforms-field-description\">Vous pouvez nous envoyer des documents compl\u00e9mentaires (par exemple, des croquis ou des photos) ici. Formats de fichier autoris\u00e9s : PDF, JPG, PNG (max. 10 Mo). <\/div><\/div><script>\n\t\t\t\t( function() {\n\t\t\t\t\tconst style = document.createElement( 'style' );\n\t\t\t\t\tstyle.appendChild( document.createTextNode( '#wpforms-836-field_5-container { position: absolute !important; overflow: hidden !important; display: inline !important; height: 1px !important; width: 1px !important; z-index: -1000 !important; padding: 0 !important; } #wpforms-836-field_5-container input { visibility: hidden; } #wpforms-conversational-form-page #wpforms-836-field_5-container label { counter-increment: none; }' ) );\n\t\t\t\t\tdocument.head.appendChild( style );\n\t\t\t\t\tdocument.currentScript?.remove();\n\t\t\t\t} )();\n\t\t\t<\/script><\/div><!-- .wpforms-field-container --><div class=\"wpforms-submit-container\" ><input type=\"hidden\" name=\"wpforms[id]\" value=\"836\"><input type=\"hidden\" name=\"page_title\" value=\"\"><input type=\"hidden\" name=\"page_url\" value=\"https:\/\/mf-glasmaschinentechnik.de\/fr\/wp-json\/wp\/v2\/pages\/1590\"><input type=\"hidden\" name=\"url_referer\" value=\"\"><button type=\"submit\" name=\"wpforms[submit]\" id=\"wpforms-submit-836\" class=\"wpforms-submit\" data-alt-text=\"Envoi en cours\u2026\" data-submit-text=\"Envoyer\" aria-live=\"assertive\" value=\"wpforms-submit\">Envoyer<\/button><img loading=\"lazy\" decoding=\"async\" src=\"https:\/\/mf-glasmaschinentechnik.de\/wp-content\/plugins\/wpforms\/assets\/images\/submit-spin.svg\" class=\"wpforms-submit-spinner\" style=\"display: none;\" width=\"26\" height=\"26\" alt=\"Loading\"><\/div><\/form><\/div>  <!-- .wpforms-container -->","protected":false},"excerpt":{"rendered":"","protected":false},"author":1,"featured_media":0,"parent":0,"menu_order":0,"comment_status":"closed","ping_status":"closed","template":"page-kontaktformular-template","meta":{"saved_in_kubio":false,"footnotes":""},"class_list":["post-1590","page","type-page","status-publish","hentry"],"aioseo_notices":[],"kubio_ai_page_context":{"short_desc":"","purpose":"general"},"_links":{"self":[{"href":"https:\/\/mf-glasmaschinentechnik.de\/fr\/wp-json\/wp\/v2\/pages\/1590","targetHints":{"allow":["GET"]}}],"collection":[{"href":"https:\/\/mf-glasmaschinentechnik.de\/fr\/wp-json\/wp\/v2\/pages"}],"about":[{"href":"https:\/\/mf-glasmaschinentechnik.de\/fr\/wp-json\/wp\/v2\/types\/page"}],"author":[{"embeddable":true,"href":"https:\/\/mf-glasmaschinentechnik.de\/fr\/wp-json\/wp\/v2\/users\/1"}],"replies":[{"embeddable":true,"href":"https:\/\/mf-glasmaschinentechnik.de\/fr\/wp-json\/wp\/v2\/comments?post=1590"}],"version-history":[{"count":5,"href":"https:\/\/mf-glasmaschinentechnik.de\/fr\/wp-json\/wp\/v2\/pages\/1590\/revisions"}],"predecessor-version":[{"id":1595,"href":"https:\/\/mf-glasmaschinentechnik.de\/fr\/wp-json\/wp\/v2\/pages\/1590\/revisions\/1595"}],"wp:attachment":[{"href":"https:\/\/mf-glasmaschinentechnik.de\/fr\/wp-json\/wp\/v2\/media?parent=1590"}],"curies":[{"name":"wp","href":"https:\/\/api.w.org\/{rel}","templated":true}]}}